{"id":1112,"date":"2023-03-28T15:04:35","date_gmt":"2023-03-28T13:04:35","guid":{"rendered":"https:\/\/muse.paris\/produit\/vase-5\/"},"modified":"2023-03-28T15:04:35","modified_gmt":"2023-03-28T13:04:35","slug":"vase-5","status":"publish","type":"product","link":"https:\/\/muse.paris\/en\/produit\/vase-5\/","title":{"rendered":"Vases ann\u00e9es 50"},"content":{"rendered":"<p>Paire de vases mouchet\u00e9s ann\u00e9es 50<br \/>\nHauteur 22cm<br \/>\nLargeur 10cm<\/p>\n<p>&nbsp;<\/p>\n","protected":false},"excerpt":{"rendered":"<p>Paire de vases mouchet\u00e9s ann\u00e9es 50 Hauteur 22cm Largeur 10cm &nbsp;<\/p>\n","protected":false},"featured_media":393,"template":"","meta":{"_acf_changed":false},"product_brand":[],"product_cat":[38],"product_tag":[],"class_list":{"0":"post-1112","1":"product","2":"type-product","3":"status-publish","4":"has-post-thumbnail","6":"product_cat-objects","8":"first","9":"instock","10":"taxable","11":"shipping-taxable","12":"purchasable","13":"product-type-simple"},"acf":[],"yoast_head":"<!-- This site is optimized with the Yoast SEO plugin v27.2 - https:\/\/yoast.com\/product\/yoast-seo-wordpress\/ -->\n<title>Vases ann\u00e9es 50 - Muse<\/title>\n<meta name=\"robots\" content=\"index, follow, max-snippet:-1, max-image-preview:large, max-video-preview:-1\" \/>\n<link rel=\"canonical\" href=\"https:\/\/muse.paris\/en\/produit\/vase-5\/\" \/>\n<meta property=\"og:locale\" content=\"en_US\" \/>\n<meta property=\"og:type\" content=\"article\" \/>\n<meta property=\"og:title\" content=\"Vases ann\u00e9es 50 - Muse\" \/>\n<meta property=\"og:description\" content=\"Paire de vases mouchet\u00e9s ann\u00e9es 50 Hauteur 22cm Largeur 10cm &nbsp;\" \/>\n<meta property=\"og:url\" content=\"https:\/\/muse.paris\/en\/produit\/vase-5\/\" \/>\n<meta property=\"og:site_name\" content=\"Muse\" \/>\n<meta name=\"twitter:card\" content=\"summary_large_image\" \/>\n<script type=\"application\/ld+json\" class=\"yoast-schema-graph\">{\"@context\":\"https:\/\/schema.org\",\"@graph\":[{\"@type\":\"WebPage\",\"@id\":\"https:\/\/muse.paris\/en\/produit\/vase-5\/\",\"url\":\"https:\/\/muse.paris\/en\/produit\/vase-5\/\",\"name\":\"Vases ann\u00e9es 50 - Muse\",\"isPartOf\":{\"@id\":\"https:\/\/muse.paris\/#website\"},\"primaryImageOfPage\":{\"@id\":\"https:\/\/muse.paris\/en\/produit\/vase-5\/#primaryimage\"},\"image\":{\"@id\":\"https:\/\/muse.paris\/en\/produit\/vase-5\/#primaryimage\"},\"thumbnailUrl\":\"https:\/\/muse.paris\/temp\/wp-content\/uploads\/2023\/03\/MUSE_1597.jpg\",\"datePublished\":\"2023-03-28T13:04:35+00:00\",\"breadcrumb\":{\"@id\":\"https:\/\/muse.paris\/en\/produit\/vase-5\/#breadcrumb\"},\"inLanguage\":\"en-US\",\"potentialAction\":[{\"@type\":\"ReadAction\",\"target\":[\"https:\/\/muse.paris\/en\/produit\/vase-5\/\"]}]},{\"@type\":\"ImageObject\",\"inLanguage\":\"en-US\",\"@id\":\"https:\/\/muse.paris\/en\/produit\/vase-5\/#primaryimage\",\"url\":\"https:\/\/muse.paris\/temp\/wp-content\/uploads\/2023\/03\/MUSE_1597.jpg\",\"contentUrl\":\"https:\/\/muse.paris\/temp\/wp-content\/uploads\/2023\/03\/MUSE_1597.jpg\",\"width\":1600,\"height\":2400},{\"@type\":\"BreadcrumbList\",\"@id\":\"https:\/\/muse.paris\/en\/produit\/vase-5\/#breadcrumb\",\"itemListElement\":[{\"@type\":\"ListItem\",\"position\":1,\"name\":\"Accueil\",\"item\":\"https:\/\/muse.paris\/en\/home-page\/\"},{\"@type\":\"ListItem\",\"position\":2,\"name\":\"Vases ann\u00e9es 50\"}]},{\"@type\":\"WebSite\",\"@id\":\"https:\/\/muse.paris\/#website\",\"url\":\"https:\/\/muse.paris\/\",\"name\":\"Muse\",\"description\":\"\",\"publisher\":{\"@id\":\"https:\/\/muse.paris\/#organization\"},\"potentialAction\":[{\"@type\":\"SearchAction\",\"target\":{\"@type\":\"EntryPoint\",\"urlTemplate\":\"https:\/\/muse.paris\/?s={search_term_string}\"},\"query-input\":{\"@type\":\"PropertyValueSpecification\",\"valueRequired\":true,\"valueName\":\"search_term_string\"}}],\"inLanguage\":\"en-US\"},{\"@type\":\"Organization\",\"@id\":\"https:\/\/muse.paris\/#organization\",\"name\":\"Muse\",\"url\":\"https:\/\/muse.paris\/\",\"logo\":{\"@type\":\"ImageObject\",\"inLanguage\":\"en-US\",\"@id\":\"https:\/\/muse.paris\/#\/schema\/logo\/image\/\",\"url\":\"https:\/\/muse.paris\/temp\/wp-content\/uploads\/2023\/06\/Logolack.png\",\"contentUrl\":\"https:\/\/muse.paris\/temp\/wp-content\/uploads\/2023\/06\/Logolack.png\",\"width\":654,\"height\":281,\"caption\":\"Muse\"},\"image\":{\"@id\":\"https:\/\/muse.paris\/#\/schema\/logo\/image\/\"},\"sameAs\":[\"https:\/\/www.instagram.com\/musemontmartre\/\"]}]}<\/script>\n<!-- \/ Yoast SEO plugin. -->","yoast_head_json":{"title":"Vases ann\u00e9es 50 - Muse","robots":{"index":"index","follow":"follow","max-snippet":"max-snippet:-1","max-image-preview":"max-image-preview:large","max-video-preview":"max-video-preview:-1"},"canonical":"https:\/\/muse.paris\/en\/produit\/vase-5\/","og_locale":"en_US","og_type":"article","og_title":"Vases ann\u00e9es 50 - Muse","og_description":"Paire de vases mouchet\u00e9s ann\u00e9es 50 Hauteur 22cm Largeur 10cm &nbsp;","og_url":"https:\/\/muse.paris\/en\/produit\/vase-5\/","og_site_name":"Muse","twitter_card":"summary_large_image","schema":{"@context":"https:\/\/schema.org","@graph":[{"@type":"WebPage","@id":"https:\/\/muse.paris\/en\/produit\/vase-5\/","url":"https:\/\/muse.paris\/en\/produit\/vase-5\/","name":"Vases ann\u00e9es 50 - Muse","isPartOf":{"@id":"https:\/\/muse.paris\/#website"},"primaryImageOfPage":{"@id":"https:\/\/muse.paris\/en\/produit\/vase-5\/#primaryimage"},"image":{"@id":"https:\/\/muse.paris\/en\/produit\/vase-5\/#primaryimage"},"thumbnailUrl":"https:\/\/muse.paris\/temp\/wp-content\/uploads\/2023\/03\/MUSE_1597.jpg","datePublished":"2023-03-28T13:04:35+00:00","breadcrumb":{"@id":"https:\/\/muse.paris\/en\/produit\/vase-5\/#breadcrumb"},"inLanguage":"en-US","potentialAction":[{"@type":"ReadAction","target":["https:\/\/muse.paris\/en\/produit\/vase-5\/"]}]},{"@type":"ImageObject","inLanguage":"en-US","@id":"https:\/\/muse.paris\/en\/produit\/vase-5\/#primaryimage","url":"https:\/\/muse.paris\/temp\/wp-content\/uploads\/2023\/03\/MUSE_1597.jpg","contentUrl":"https:\/\/muse.paris\/temp\/wp-content\/uploads\/2023\/03\/MUSE_1597.jpg","width":1600,"height":2400},{"@type":"BreadcrumbList","@id":"https:\/\/muse.paris\/en\/produit\/vase-5\/#breadcrumb","itemListElement":[{"@type":"ListItem","position":1,"name":"Accueil","item":"https:\/\/muse.paris\/en\/home-page\/"},{"@type":"ListItem","position":2,"name":"Vases ann\u00e9es 50"}]},{"@type":"WebSite","@id":"https:\/\/muse.paris\/#website","url":"https:\/\/muse.paris\/","name":"Muse","description":"","publisher":{"@id":"https:\/\/muse.paris\/#organization"},"potentialAction":[{"@type":"SearchAction","target":{"@type":"EntryPoint","urlTemplate":"https:\/\/muse.paris\/?s={search_term_string}"},"query-input":{"@type":"PropertyValueSpecification","valueRequired":true,"valueName":"search_term_string"}}],"inLanguage":"en-US"},{"@type":"Organization","@id":"https:\/\/muse.paris\/#organization","name":"Muse","url":"https:\/\/muse.paris\/","logo":{"@type":"ImageObject","inLanguage":"en-US","@id":"https:\/\/muse.paris\/#\/schema\/logo\/image\/","url":"https:\/\/muse.paris\/temp\/wp-content\/uploads\/2023\/06\/Logolack.png","contentUrl":"https:\/\/muse.paris\/temp\/wp-content\/uploads\/2023\/06\/Logolack.png","width":654,"height":281,"caption":"Muse"},"image":{"@id":"https:\/\/muse.paris\/#\/schema\/logo\/image\/"},"sameAs":["https:\/\/www.instagram.com\/musemontmartre\/"]}]}},"_links":{"self":[{"href":"https:\/\/muse.paris\/en\/wp-json\/wp\/v2\/product\/1112","targetHints":{"allow":["GET"]}}],"collection":[{"href":"https:\/\/muse.paris\/en\/wp-json\/wp\/v2\/product"}],"about":[{"href":"https:\/\/muse.paris\/en\/wp-json\/wp\/v2\/types\/product"}],"wp:featuredmedia":[{"embeddable":true,"href":"https:\/\/muse.paris\/en\/wp-json\/wp\/v2\/media\/393"}],"wp:attachment":[{"href":"https:\/\/muse.paris\/en\/wp-json\/wp\/v2\/media?parent=1112"}],"wp:term":[{"taxonomy":"product_brand","embeddable":true,"href":"https:\/\/muse.paris\/en\/wp-json\/wp\/v2\/product_brand?post=1112"},{"taxonomy":"product_cat","embeddable":true,"href":"https:\/\/muse.paris\/en\/wp-json\/wp\/v2\/product_cat?post=1112"},{"taxonomy":"product_tag","embeddable":true,"href":"https:\/\/muse.paris\/en\/wp-json\/wp\/v2\/product_tag?post=1112"}],"curies":[{"name":"wp","href":"https:\/\/api.w.org\/{rel}","templated":true}]}}