{"id":260,"date":"2023-03-28T15:01:54","date_gmt":"2023-03-28T13:01:54","guid":{"rendered":"https:\/\/muse.ensemble.ooo\/?post_type=product&#038;p=260"},"modified":"2023-09-07T11:36:45","modified_gmt":"2023-09-07T09:36:45","slug":"chinoiserie-bleue","status":"publish","type":"product","link":"https:\/\/muse.paris\/en\/produit\/chinoiserie-bleue\/","title":{"rendered":"Vase chinois fin 18\u00e8me"},"content":{"rendered":"<p>Vase chinois fin 18\u00e8me peint \u00e0 l&#8217;int\u00e9rieur<br \/>\nDimension: 50cm<br \/>\nOuverture : 13cm<br \/>\nSur demande<\/p>\n","protected":false},"excerpt":{"rendered":"<p>Vase chinois fin 18\u00e8me peint \u00e0 l&#8217;int\u00e9rieur Dimension: 50cm Ouverture : 13cm Sur demande<\/p>\n","protected":false},"featured_media":261,"template":"","meta":{"_acf_changed":false},"product_brand":[],"product_cat":[18],"product_tag":[],"class_list":{"0":"post-260","1":"product","2":"type-product","3":"status-publish","4":"has-post-thumbnail","6":"product_cat-objet","8":"first","9":"instock","10":"taxable","11":"shipping-taxable","12":"product-type-simple"},"acf":[],"yoast_head":"<!-- This site is optimized with the Yoast SEO plugin v27.2 - https:\/\/yoast.com\/product\/yoast-seo-wordpress\/ -->\n<title>Vase chinois fin 18\u00e8me - Muse<\/title>\n<meta name=\"robots\" content=\"index, follow, max-snippet:-1, max-image-preview:large, max-video-preview:-1\" \/>\n<link rel=\"canonical\" href=\"https:\/\/muse.paris\/produit\/chinoiserie-bleue\/\" \/>\n<meta property=\"og:locale\" content=\"en_US\" \/>\n<meta property=\"og:type\" content=\"article\" \/>\n<meta property=\"og:title\" content=\"Vase chinois fin 18\u00e8me - Muse\" \/>\n<meta property=\"og:description\" content=\"Vase chinois fin 18\u00e8me peint \u00e0 l&#8217;int\u00e9rieur Dimension: 50cm Ouverture : 13cm Sur demande\" \/>\n<meta property=\"og:url\" content=\"https:\/\/muse.paris\/produit\/chinoiserie-bleue\/\" \/>\n<meta property=\"og:site_name\" content=\"Muse\" \/>\n<meta property=\"article:modified_time\" content=\"2023-09-07T09:36:45+00:00\" \/>\n<meta property=\"og:image\" content=\"https:\/\/muse.paris\/temp\/wp-content\/uploads\/2023\/03\/MUSE_1442.jpg\" \/>\n\t<meta property=\"og:image:width\" content=\"1600\" \/>\n\t<meta property=\"og:image:height\" content=\"2400\" \/>\n\t<meta property=\"og:image:type\" content=\"image\/jpeg\" \/>\n<meta name=\"twitter:card\" content=\"summary_large_image\" \/>\n<meta name=\"twitter:label1\" content=\"Est. reading time\" \/>\n\t<meta name=\"twitter:data1\" content=\"1 minute\" \/>\n<script type=\"application\/ld+json\" class=\"yoast-schema-graph\">{\"@context\":\"https:\/\/schema.org\",\"@graph\":[{\"@type\":\"WebPage\",\"@id\":\"https:\/\/muse.paris\/produit\/chinoiserie-bleue\/\",\"url\":\"https:\/\/muse.paris\/produit\/chinoiserie-bleue\/\",\"name\":\"Vase chinois fin 18\u00e8me - Muse\",\"isPartOf\":{\"@id\":\"https:\/\/muse.paris\/#website\"},\"primaryImageOfPage\":{\"@id\":\"https:\/\/muse.paris\/produit\/chinoiserie-bleue\/#primaryimage\"},\"image\":{\"@id\":\"https:\/\/muse.paris\/produit\/chinoiserie-bleue\/#primaryimage\"},\"thumbnailUrl\":\"https:\/\/muse.paris\/temp\/wp-content\/uploads\/2023\/03\/MUSE_1442.jpg\",\"datePublished\":\"2023-03-28T13:01:54+00:00\",\"dateModified\":\"2023-09-07T09:36:45+00:00\",\"breadcrumb\":{\"@id\":\"https:\/\/muse.paris\/produit\/chinoiserie-bleue\/#breadcrumb\"},\"inLanguage\":\"en-US\",\"potentialAction\":[{\"@type\":\"ReadAction\",\"target\":[\"https:\/\/muse.paris\/produit\/chinoiserie-bleue\/\"]}]},{\"@type\":\"ImageObject\",\"inLanguage\":\"en-US\",\"@id\":\"https:\/\/muse.paris\/produit\/chinoiserie-bleue\/#primaryimage\",\"url\":\"https:\/\/muse.paris\/temp\/wp-content\/uploads\/2023\/03\/MUSE_1442.jpg\",\"contentUrl\":\"https:\/\/muse.paris\/temp\/wp-content\/uploads\/2023\/03\/MUSE_1442.jpg\",\"width\":1600,\"height\":2400},{\"@type\":\"BreadcrumbList\",\"@id\":\"https:\/\/muse.paris\/produit\/chinoiserie-bleue\/#breadcrumb\",\"itemListElement\":[{\"@type\":\"ListItem\",\"position\":1,\"name\":\"Accueil\",\"item\":\"https:\/\/muse.paris\/en\/home-page\/\"},{\"@type\":\"ListItem\",\"position\":2,\"name\":\"Vase chinois fin 18\u00e8me\"}]},{\"@type\":\"WebSite\",\"@id\":\"https:\/\/muse.paris\/#website\",\"url\":\"https:\/\/muse.paris\/\",\"name\":\"Muse\",\"description\":\"\",\"publisher\":{\"@id\":\"https:\/\/muse.paris\/#organization\"},\"potentialAction\":[{\"@type\":\"SearchAction\",\"target\":{\"@type\":\"EntryPoint\",\"urlTemplate\":\"https:\/\/muse.paris\/?s={search_term_string}\"},\"query-input\":{\"@type\":\"PropertyValueSpecification\",\"valueRequired\":true,\"valueName\":\"search_term_string\"}}],\"inLanguage\":\"en-US\"},{\"@type\":\"Organization\",\"@id\":\"https:\/\/muse.paris\/#organization\",\"name\":\"Muse\",\"url\":\"https:\/\/muse.paris\/\",\"logo\":{\"@type\":\"ImageObject\",\"inLanguage\":\"en-US\",\"@id\":\"https:\/\/muse.paris\/#\/schema\/logo\/image\/\",\"url\":\"https:\/\/muse.paris\/temp\/wp-content\/uploads\/2023\/06\/Logolack.png\",\"contentUrl\":\"https:\/\/muse.paris\/temp\/wp-content\/uploads\/2023\/06\/Logolack.png\",\"width\":654,\"height\":281,\"caption\":\"Muse\"},\"image\":{\"@id\":\"https:\/\/muse.paris\/#\/schema\/logo\/image\/\"},\"sameAs\":[\"https:\/\/www.instagram.com\/musemontmartre\/\"]}]}<\/script>\n<!-- \/ Yoast SEO plugin. -->","yoast_head_json":{"title":"Vase chinois fin 18\u00e8me - Muse","robots":{"index":"index","follow":"follow","max-snippet":"max-snippet:-1","max-image-preview":"max-image-preview:large","max-video-preview":"max-video-preview:-1"},"canonical":"https:\/\/muse.paris\/produit\/chinoiserie-bleue\/","og_locale":"en_US","og_type":"article","og_title":"Vase chinois fin 18\u00e8me - Muse","og_description":"Vase chinois fin 18\u00e8me peint \u00e0 l&#8217;int\u00e9rieur Dimension: 50cm Ouverture : 13cm Sur demande","og_url":"https:\/\/muse.paris\/produit\/chinoiserie-bleue\/","og_site_name":"Muse","article_modified_time":"2023-09-07T09:36:45+00:00","og_image":[{"width":1600,"height":2400,"url":"https:\/\/muse.paris\/temp\/wp-content\/uploads\/2023\/03\/MUSE_1442.jpg","type":"image\/jpeg"}],"twitter_card":"summary_large_image","twitter_misc":{"Est. reading time":"1 minute"},"schema":{"@context":"https:\/\/schema.org","@graph":[{"@type":"WebPage","@id":"https:\/\/muse.paris\/produit\/chinoiserie-bleue\/","url":"https:\/\/muse.paris\/produit\/chinoiserie-bleue\/","name":"Vase chinois fin 18\u00e8me - Muse","isPartOf":{"@id":"https:\/\/muse.paris\/#website"},"primaryImageOfPage":{"@id":"https:\/\/muse.paris\/produit\/chinoiserie-bleue\/#primaryimage"},"image":{"@id":"https:\/\/muse.paris\/produit\/chinoiserie-bleue\/#primaryimage"},"thumbnailUrl":"https:\/\/muse.paris\/temp\/wp-content\/uploads\/2023\/03\/MUSE_1442.jpg","datePublished":"2023-03-28T13:01:54+00:00","dateModified":"2023-09-07T09:36:45+00:00","breadcrumb":{"@id":"https:\/\/muse.paris\/produit\/chinoiserie-bleue\/#breadcrumb"},"inLanguage":"en-US","potentialAction":[{"@type":"ReadAction","target":["https:\/\/muse.paris\/produit\/chinoiserie-bleue\/"]}]},{"@type":"ImageObject","inLanguage":"en-US","@id":"https:\/\/muse.paris\/produit\/chinoiserie-bleue\/#primaryimage","url":"https:\/\/muse.paris\/temp\/wp-content\/uploads\/2023\/03\/MUSE_1442.jpg","contentUrl":"https:\/\/muse.paris\/temp\/wp-content\/uploads\/2023\/03\/MUSE_1442.jpg","width":1600,"height":2400},{"@type":"BreadcrumbList","@id":"https:\/\/muse.paris\/produit\/chinoiserie-bleue\/#breadcrumb","itemListElement":[{"@type":"ListItem","position":1,"name":"Accueil","item":"https:\/\/muse.paris\/en\/home-page\/"},{"@type":"ListItem","position":2,"name":"Vase chinois fin 18\u00e8me"}]},{"@type":"WebSite","@id":"https:\/\/muse.paris\/#website","url":"https:\/\/muse.paris\/","name":"Muse","description":"","publisher":{"@id":"https:\/\/muse.paris\/#organization"},"potentialAction":[{"@type":"SearchAction","target":{"@type":"EntryPoint","urlTemplate":"https:\/\/muse.paris\/?s={search_term_string}"},"query-input":{"@type":"PropertyValueSpecification","valueRequired":true,"valueName":"search_term_string"}}],"inLanguage":"en-US"},{"@type":"Organization","@id":"https:\/\/muse.paris\/#organization","name":"Muse","url":"https:\/\/muse.paris\/","logo":{"@type":"ImageObject","inLanguage":"en-US","@id":"https:\/\/muse.paris\/#\/schema\/logo\/image\/","url":"https:\/\/muse.paris\/temp\/wp-content\/uploads\/2023\/06\/Logolack.png","contentUrl":"https:\/\/muse.paris\/temp\/wp-content\/uploads\/2023\/06\/Logolack.png","width":654,"height":281,"caption":"Muse"},"image":{"@id":"https:\/\/muse.paris\/#\/schema\/logo\/image\/"},"sameAs":["https:\/\/www.instagram.com\/musemontmartre\/"]}]}},"_links":{"self":[{"href":"https:\/\/muse.paris\/en\/wp-json\/wp\/v2\/product\/260","targetHints":{"allow":["GET"]}}],"collection":[{"href":"https:\/\/muse.paris\/en\/wp-json\/wp\/v2\/product"}],"about":[{"href":"https:\/\/muse.paris\/en\/wp-json\/wp\/v2\/types\/product"}],"wp:featuredmedia":[{"embeddable":true,"href":"https:\/\/muse.paris\/en\/wp-json\/wp\/v2\/media\/261"}],"wp:attachment":[{"href":"https:\/\/muse.paris\/en\/wp-json\/wp\/v2\/media?parent=260"}],"wp:term":[{"taxonomy":"product_brand","embeddable":true,"href":"https:\/\/muse.paris\/en\/wp-json\/wp\/v2\/product_brand?post=260"},{"taxonomy":"product_cat","embeddable":true,"href":"https:\/\/muse.paris\/en\/wp-json\/wp\/v2\/product_cat?post=260"},{"taxonomy":"product_tag","embeddable":true,"href":"https:\/\/muse.paris\/en\/wp-json\/wp\/v2\/product_tag?post=260"}],"curies":[{"name":"wp","href":"https:\/\/api.w.org\/{rel}","templated":true}]}}